{"id":9355,"date":"2021-11-23T09:16:25","date_gmt":"2021-11-23T09:16:25","guid":{"rendered":"https:\/\/weewell.com\/?page_id=9355"},"modified":"2021-11-23T09:17:13","modified_gmt":"2021-11-23T09:17:13","slug":"distributors","status":"publish","type":"page","link":"https:\/\/weewell.com\/en\/distributors\/","title":{"rendered":"Distributors"},"content":{"rendered":"\t\t<div data-elementor-type=\"wp-page\" data-elementor-id=\"9355\" class=\"elementor elementor-9355\" data-elementor-post-type=\"page\">\n\t\t\t\t\t\t<section class=\"elementor-section elementor-top-section elementor-element elementor-element-47003a8 elementor-section-content-middle elementor-reverse-tablet elementor-reverse-mobile elementor-section-full_width elementor-section-gap-beside-yes elementor-section-height-default elementor-section-height-default elementor-section-content-align-center elementor-section-column-vertical-align-stretch\" data-id=\"47003a8\" data-element_type=\"section\" data-e-type=\"section\" data-settings=\"{&quot;background_background&quot;:&quot;classic&quot;}\">\n\t\t\t\t\t\t<div class=\"elementor-container elementor-column-gap-extended\">\n\t\t\t\t\t<div class=\"elementor-column elementor-col-100 elementor-top-column elementor-element elementor-element-1e56942\" data-id=\"1e56942\" data-element_type=\"column\" data-e-type=\"column\">\n\t\t\t<div class=\"elementor-widget-wrap elementor-element-populated\">\n\t\t\t\t\t\t<section class=\"elementor-section elementor-inner-section elementor-element elementor-element-bf4bf3c elementor-section-gap-beside-no elementor-section-boxed elementor-section-height-default elementor-section-height-default elementor-section-column-vertical-align-stretch\" data-id=\"bf4bf3c\" data-element_type=\"section\" data-e-type=\"section\">\n\t\t\t\t\t\t<div class=\"elementor-container elementor-column-gap-extended\">\n\t\t\t\t\t<div class=\"elementor-column elementor-col-25 elementor-inner-column elementor-element elementor-element-1429856\" data-id=\"1429856\" data-element_type=\"column\" data-e-type=\"column\">\n\t\t\t<div class=\"elementor-widget-wrap elementor-element-populated\">\n\t\t\t\t\t\t<div class=\"elementor-element elementor-element-cece54c medizin-icon-box-style-01 medizin-view-default elementor-position-top elementor-invisible elementor-widget elementor-widget-tm-icon-box\" data-id=\"cece54c\" data-element_type=\"widget\" data-e-type=\"widget\" data-settings=\"{&quot;_animation&quot;:&quot;tmFadeInUp&quot;}\" data-widget_type=\"tm-icon-box.default\">\n\t\t\t\t<div class=\"elementor-widget-container\">\n\t\t\t\t\t\t\t<div class=\"tm-icon-box medizin-box\">\n\t\t<div class=\"icon-box-wrapper\">\n\t\t\t\t\t<div class=\"medizin-icon-wrap\">\n\t\t\t<div class=\"medizin-icon-view\">\n\t\t\t\t<div class=\"medizin-icon icon medizin-solid-icon\">\n\t\t\t\t\t<i aria-hidden=\"true\" class=\"far fa-globe-asia\"><\/i>\t\t\t\t<\/div>\n\t\t\t<\/div>\n\t\t<\/div>\n\t\t\n\t\t\t<div class=\"icon-box-content\">\n\t\t\t\t\t\t<div class=\"heading-wrap\">\n\t\t\t<h3 class=\"heading\">Weewell Belgium<\/h3>\n\t\t\t\t\t<\/div>\n\t\t\n\t\t\t\t\t\t<div class=\"description-wrap\">\n\t\t\t<div class=\"description\">\n\t\t\t\tSalencey International Les Perrots 71220 Saint-Martin-de-Salencey France\n<br>\nbelgium@weewell.com\n<br>\nBelgium\t\t\t<\/div>\n\t\t<\/div>\n\t\t\n\t\t\t\t\t\t\t<\/div>\n\t\t<\/div>\n\n\t\t<\/div>\t\t\t\t\t\t<\/div>\n\t\t\t\t<\/div>\n\t\t\t\t\t<\/div>\n\t\t<\/div>\n\t\t\t\t<div class=\"elementor-column elementor-col-25 elementor-inner-column elementor-element elementor-element-315e8bd\" data-id=\"315e8bd\" data-element_type=\"column\" data-e-type=\"column\">\n\t\t\t<div class=\"elementor-widget-wrap elementor-element-populated\">\n\t\t\t\t\t\t<div class=\"elementor-element elementor-element-5cc7874 medizin-icon-box-style-01 medizin-view-default elementor-position-top elementor-invisible elementor-widget elementor-widget-tm-icon-box\" data-id=\"5cc7874\" data-element_type=\"widget\" data-e-type=\"widget\" data-settings=\"{&quot;_animation&quot;:&quot;tmFadeInUp&quot;}\" data-widget_type=\"tm-icon-box.default\">\n\t\t\t\t<div class=\"elementor-widget-container\">\n\t\t\t\t\t\t\t<div class=\"tm-icon-box medizin-box\">\n\t\t<div class=\"icon-box-wrapper\">\n\t\t\t\t\t<div class=\"medizin-icon-wrap\">\n\t\t\t<div class=\"medizin-icon-view\">\n\t\t\t\t<div class=\"medizin-icon icon medizin-solid-icon\">\n\t\t\t\t\t<i aria-hidden=\"true\" class=\"far fa-globe-asia\"><\/i>\t\t\t\t<\/div>\n\t\t\t<\/div>\n\t\t<\/div>\n\t\t\n\t\t\t<div class=\"icon-box-content\">\n\t\t\t\t\t\t<div class=\"heading-wrap\">\n\t\t\t<h3 class=\"heading\">Weewell France<\/h3>\n\t\t\t\t\t<\/div>\n\t\t\n\t\t\t\t\t\t<div class=\"description-wrap\">\n\t\t\t<div class=\"description\">\n\t\t\t\tSalencey International Les Perrots 71220 Saint-Martin-de-Salencey France\n<br>\nfrance@weewell.com\n<br>\nFrance\t\t\t<\/div>\n\t\t<\/div>\n\t\t\n\t\t\t\t\t\t\t<\/div>\n\t\t<\/div>\n\n\t\t<\/div>\t\t\t\t\t\t<\/div>\n\t\t\t\t<\/div>\n\t\t\t\t\t<\/div>\n\t\t<\/div>\n\t\t\t\t<div class=\"elementor-column elementor-col-25 elementor-inner-column elementor-element elementor-element-2681889\" data-id=\"2681889\" data-element_type=\"column\" data-e-type=\"column\">\n\t\t\t<div class=\"elementor-widget-wrap elementor-element-populated\">\n\t\t\t\t\t\t<div class=\"elementor-element elementor-element-6b91e82 medizin-icon-box-style-01 medizin-view-default elementor-position-top elementor-invisible elementor-widget elementor-widget-tm-icon-box\" data-id=\"6b91e82\" data-element_type=\"widget\" data-e-type=\"widget\" data-settings=\"{&quot;_animation&quot;:&quot;tmFadeInUp&quot;}\" data-widget_type=\"tm-icon-box.default\">\n\t\t\t\t<div class=\"elementor-widget-container\">\n\t\t\t\t\t\t\t<div class=\"tm-icon-box medizin-box\">\n\t\t<div class=\"icon-box-wrapper\">\n\t\t\t\t\t<div class=\"medizin-icon-wrap\">\n\t\t\t<div class=\"medizin-icon-view\">\n\t\t\t\t<div class=\"medizin-icon icon medizin-solid-icon\">\n\t\t\t\t\t<i aria-hidden=\"true\" class=\"far fa-globe-asia\"><\/i>\t\t\t\t<\/div>\n\t\t\t<\/div>\n\t\t<\/div>\n\t\t\n\t\t\t<div class=\"icon-box-content\">\n\t\t\t\t\t\t<div class=\"heading-wrap\">\n\t\t\t<h3 class=\"heading\">Weewell Holland<\/h3>\n\t\t\t\t\t<\/div>\n\t\t\n\t\t\t\t\t\t<div class=\"description-wrap\">\n\t\t\t<div class=\"description\">\n\t\t\t\tSalencey International Les Perrots 71220 Saint-Martin-de-Salencey France\n<br>\nholland@weewell.com\n<br>\nHolland\t\t\t<\/div>\n\t\t<\/div>\n\t\t\n\t\t\t\t\t\t\t<\/div>\n\t\t<\/div>\n\n\t\t<\/div>\t\t\t\t\t\t<\/div>\n\t\t\t\t<\/div>\n\t\t\t\t\t<\/div>\n\t\t<\/div>\n\t\t\t\t<div class=\"elementor-column elementor-col-25 elementor-inner-column elementor-element elementor-element-35555af\" data-id=\"35555af\" data-element_type=\"column\" data-e-type=\"column\">\n\t\t\t<div class=\"elementor-widget-wrap elementor-element-populated\">\n\t\t\t\t\t\t<div class=\"elementor-element elementor-element-af3e9fe medizin-icon-box-style-01 medizin-view-default elementor-position-top elementor-invisible elementor-widget elementor-widget-tm-icon-box\" data-id=\"af3e9fe\" data-element_type=\"widget\" data-e-type=\"widget\" data-settings=\"{&quot;_animation&quot;:&quot;tmFadeInUp&quot;}\" data-widget_type=\"tm-icon-box.default\">\n\t\t\t\t<div class=\"elementor-widget-container\">\n\t\t\t\t\t\t\t<div class=\"tm-icon-box medizin-box\">\n\t\t<div class=\"icon-box-wrapper\">\n\t\t\t\t\t<div class=\"medizin-icon-wrap\">\n\t\t\t<div class=\"medizin-icon-view\">\n\t\t\t\t<div class=\"medizin-icon icon medizin-solid-icon\">\n\t\t\t\t\t<i aria-hidden=\"true\" class=\"far fa-globe-asia\"><\/i>\t\t\t\t<\/div>\n\t\t\t<\/div>\n\t\t<\/div>\n\t\t\n\t\t\t<div class=\"icon-box-content\">\n\t\t\t\t\t\t<div class=\"heading-wrap\">\n\t\t\t<h3 class=\"heading\">Weewell Switzerland<\/h3>\n\t\t\t\t\t<\/div>\n\t\t\n\t\t\t\t\t\t<div class=\"description-wrap\">\n\t\t\t<div class=\"description\">\n\t\t\t\tSalencey International Les Perrots 71220 Saint-Martin-de-Salencey France\n<br>\nswitzerland@weewell.com\n<br>\nSwitzerland\t\t\t<\/div>\n\t\t<\/div>\n\t\t\n\t\t\t\t\t\t\t<\/div>\n\t\t<\/div>\n\n\t\t<\/div>\t\t\t\t\t\t<\/div>\n\t\t\t\t<\/div>\n\t\t\t\t\t<\/div>\n\t\t<\/div>\n\t\t\t\t\t<\/div>\n\t\t<\/section>\n\t\t\t\t<section class=\"elementor-section elementor-inner-section elementor-element elementor-element-8851462 elementor-section-gap-beside-no elementor-section-boxed elementor-section-height-default elementor-section-height-default elementor-section-column-vertical-align-stretch\" data-id=\"8851462\" data-element_type=\"section\" data-e-type=\"section\">\n\t\t\t\t\t\t<div class=\"elementor-container elementor-column-gap-extended\">\n\t\t\t\t\t<div class=\"elementor-column elementor-col-25 elementor-inner-column elementor-element elementor-element-1969fa7\" data-id=\"1969fa7\" data-element_type=\"column\" data-e-type=\"column\">\n\t\t\t<div class=\"elementor-widget-wrap elementor-element-populated\">\n\t\t\t\t\t\t<div class=\"elementor-element elementor-element-1f56c51 medizin-icon-box-style-01 medizin-view-default elementor-position-top elementor-invisible elementor-widget elementor-widget-tm-icon-box\" data-id=\"1f56c51\" data-element_type=\"widget\" data-e-type=\"widget\" data-settings=\"{&quot;_animation&quot;:&quot;tmFadeInUp&quot;}\" data-widget_type=\"tm-icon-box.default\">\n\t\t\t\t<div class=\"elementor-widget-container\">\n\t\t\t\t\t\t\t<div class=\"tm-icon-box medizin-box\">\n\t\t<div class=\"icon-box-wrapper\">\n\t\t\t\t\t<div class=\"medizin-icon-wrap\">\n\t\t\t<div class=\"medizin-icon-view\">\n\t\t\t\t<div class=\"medizin-icon icon medizin-solid-icon\">\n\t\t\t\t\t<i aria-hidden=\"true\" class=\"far fa-globe-asia\"><\/i>\t\t\t\t<\/div>\n\t\t\t<\/div>\n\t\t<\/div>\n\t\t\n\t\t\t<div class=\"icon-box-content\">\n\t\t\t\t\t\t<div class=\"heading-wrap\">\n\t\t\t<h3 class=\"heading\">Weewell Romania<\/h3>\n\t\t\t\t\t<\/div>\n\t\t\n\t\t\t\t\t\t<div class=\"description-wrap\">\n\t\t\t<div class=\"description\">\n\t\t\t\tDot Com Investment SRL,\nB-dul Unirii nr 65 bl G1 tr 5 Ground Floor,\nBucharest, ROMANIA\n<br>\nromania@weewell.com\n<br>\nRomania\t\t\t<\/div>\n\t\t<\/div>\n\t\t\n\t\t\t\t\t\t\t<\/div>\n\t\t<\/div>\n\n\t\t<\/div>\t\t\t\t\t\t<\/div>\n\t\t\t\t<\/div>\n\t\t\t\t\t<\/div>\n\t\t<\/div>\n\t\t\t\t<div class=\"elementor-column elementor-col-25 elementor-inner-column elementor-element elementor-element-80b27b0\" data-id=\"80b27b0\" data-element_type=\"column\" data-e-type=\"column\">\n\t\t\t<div class=\"elementor-widget-wrap elementor-element-populated\">\n\t\t\t\t\t\t<div class=\"elementor-element elementor-element-e92c38e medizin-icon-box-style-01 medizin-view-default elementor-position-top elementor-invisible elementor-widget elementor-widget-tm-icon-box\" data-id=\"e92c38e\" data-element_type=\"widget\" data-e-type=\"widget\" data-settings=\"{&quot;_animation&quot;:&quot;tmFadeInUp&quot;}\" data-widget_type=\"tm-icon-box.default\">\n\t\t\t\t<div class=\"elementor-widget-container\">\n\t\t\t\t\t\t\t<div class=\"tm-icon-box medizin-box\">\n\t\t<div class=\"icon-box-wrapper\">\n\t\t\t\t\t<div class=\"medizin-icon-wrap\">\n\t\t\t<div class=\"medizin-icon-view\">\n\t\t\t\t<div class=\"medizin-icon icon medizin-solid-icon\">\n\t\t\t\t\t<i aria-hidden=\"true\" class=\"far fa-globe-asia\"><\/i>\t\t\t\t<\/div>\n\t\t\t<\/div>\n\t\t<\/div>\n\t\t\n\t\t\t<div class=\"icon-box-content\">\n\t\t\t\t\t\t<div class=\"heading-wrap\">\n\t\t\t<h3 class=\"heading\">Weewell Turkey<\/h3>\n\t\t\t\t\t<\/div>\n\t\t\n\t\t\t\t\t\t<div class=\"description-wrap\">\n\t\t\t<div class=\"description\">\n\t\t\t\tUlusal Elektronik Tek. San. Ve Tic. A.\u015e.\n\u0130stanbul D\u00fcnya Ticaret Merkezi\nA3 Blok K:13 No:403-404\nYe\u015filk\u00f6y-\u0130stanbul T\u00fcrkiye\n<br>\nturkey@weewell.com\n<br>\nTurkey\t\t\t<\/div>\n\t\t<\/div>\n\t\t\n\t\t\t\t\t\t\t<\/div>\n\t\t<\/div>\n\n\t\t<\/div>\t\t\t\t\t\t<\/div>\n\t\t\t\t<\/div>\n\t\t\t\t\t<\/div>\n\t\t<\/div>\n\t\t\t\t<div class=\"elementor-column elementor-col-25 elementor-inner-column elementor-element elementor-element-ff08bb2\" data-id=\"ff08bb2\" data-element_type=\"column\" data-e-type=\"column\">\n\t\t\t<div class=\"elementor-widget-wrap elementor-element-populated\">\n\t\t\t\t\t\t<div class=\"elementor-element elementor-element-fe4ba1d medizin-icon-box-style-01 medizin-view-default elementor-position-top elementor-invisible elementor-widget elementor-widget-tm-icon-box\" data-id=\"fe4ba1d\" data-element_type=\"widget\" data-e-type=\"widget\" data-settings=\"{&quot;_animation&quot;:&quot;tmFadeInUp&quot;}\" data-widget_type=\"tm-icon-box.default\">\n\t\t\t\t<div class=\"elementor-widget-container\">\n\t\t\t\t\t\t\t<div class=\"tm-icon-box medizin-box\">\n\t\t<div class=\"icon-box-wrapper\">\n\t\t\t\t\t<div class=\"medizin-icon-wrap\">\n\t\t\t<div class=\"medizin-icon-view\">\n\t\t\t\t<div class=\"medizin-icon icon medizin-solid-icon\">\n\t\t\t\t\t<i aria-hidden=\"true\" class=\"far fa-globe-asia\"><\/i>\t\t\t\t<\/div>\n\t\t\t<\/div>\n\t\t<\/div>\n\t\t\n\t\t\t<div class=\"icon-box-content\">\n\t\t\t\t\t\t<div class=\"heading-wrap\">\n\t\t\t<h3 class=\"heading\">Weewell USA<\/h3>\n\t\t\t\t\t<\/div>\n\t\t\n\t\t\t\t\t\t<div class=\"description-wrap\">\n\t\t\t<div class=\"description\">\n\t\t\t\tWeewell ABD Me-Co Enterprises of Tennessee, LLC 2921 Tanoak Cove, Germantown, TN 38138 USA\n<br>\nus@weewell.com\n<br>\nUSA\t\t\t<\/div>\n\t\t<\/div>\n\t\t\n\t\t\t\t\t\t\t<\/div>\n\t\t<\/div>\n\n\t\t<\/div>\t\t\t\t\t\t<\/div>\n\t\t\t\t<\/div>\n\t\t\t\t\t<\/div>\n\t\t<\/div>\n\t\t\t\t<div class=\"elementor-column elementor-col-25 elementor-inner-column elementor-element elementor-element-d2a393a\" data-id=\"d2a393a\" data-element_type=\"column\" data-e-type=\"column\">\n\t\t\t<div class=\"elementor-widget-wrap elementor-element-populated\">\n\t\t\t\t\t\t<div class=\"elementor-element elementor-element-8515bb5 medizin-icon-box-style-01 medizin-view-default elementor-position-top elementor-invisible elementor-widget elementor-widget-tm-icon-box\" data-id=\"8515bb5\" data-element_type=\"widget\" data-e-type=\"widget\" data-settings=\"{&quot;_animation&quot;:&quot;tmFadeInUp&quot;}\" data-widget_type=\"tm-icon-box.default\">\n\t\t\t\t<div class=\"elementor-widget-container\">\n\t\t\t\t\t\t\t<div class=\"tm-icon-box medizin-box\">\n\t\t<div class=\"icon-box-wrapper\">\n\t\t\t\t\t<div class=\"medizin-icon-wrap\">\n\t\t\t<div class=\"medizin-icon-view\">\n\t\t\t\t<div class=\"medizin-icon icon medizin-solid-icon\">\n\t\t\t\t\t<i aria-hidden=\"true\" class=\"far fa-globe-asia\"><\/i>\t\t\t\t<\/div>\n\t\t\t<\/div>\n\t\t<\/div>\n\t\t\n\t\t\t<div class=\"icon-box-content\">\n\t\t\t\t\t\t<div class=\"heading-wrap\">\n\t\t\t<h3 class=\"heading\">Weewell Brazil<\/h3>\n\t\t\t\t\t<\/div>\n\t\t\n\t\t\t\t\t\t<div class=\"description-wrap\">\n\t\t\t<div class=\"description\">\n\t\t\t\tMe-Co Enterprises of Tennessee, LLC\n2921 Tanoak Cove, Germantown, TN 38138 USA\n<br>\nbrazil@weewell.com\n<br>\nBrazil\t\t\t<\/div>\n\t\t<\/div>\n\t\t\n\t\t\t\t\t\t\t<\/div>\n\t\t<\/div>\n\n\t\t<\/div>\t\t\t\t\t\t<\/div>\n\t\t\t\t<\/div>\n\t\t\t\t\t<\/div>\n\t\t<\/div>\n\t\t\t\t\t<\/div>\n\t\t<\/section>\n\t\t\t\t<section class=\"elementor-section elementor-inner-section elementor-element elementor-element-fa57a15 elementor-section-gap-beside-no elementor-section-boxed elementor-section-height-default elementor-section-height-default elementor-section-column-vertical-align-stretch\" data-id=\"fa57a15\" data-element_type=\"section\" data-e-type=\"section\">\n\t\t\t\t\t\t<div class=\"elementor-container elementor-column-gap-extended\">\n\t\t\t\t\t<div class=\"elementor-column elementor-col-25 elementor-inner-column elementor-element elementor-element-ce3b096\" data-id=\"ce3b096\" data-element_type=\"column\" data-e-type=\"column\">\n\t\t\t<div class=\"elementor-widget-wrap elementor-element-populated\">\n\t\t\t\t\t\t<div class=\"elementor-element elementor-element-7090928 medizin-icon-box-style-01 medizin-view-default elementor-position-top elementor-invisible elementor-widget elementor-widget-tm-icon-box\" data-id=\"7090928\" data-element_type=\"widget\" data-e-type=\"widget\" data-settings=\"{&quot;_animation&quot;:&quot;tmFadeInUp&quot;}\" data-widget_type=\"tm-icon-box.default\">\n\t\t\t\t<div class=\"elementor-widget-container\">\n\t\t\t\t\t\t\t<div class=\"tm-icon-box medizin-box\">\n\t\t<div class=\"icon-box-wrapper\">\n\t\t\t\t\t<div class=\"medizin-icon-wrap\">\n\t\t\t<div class=\"medizin-icon-view\">\n\t\t\t\t<div class=\"medizin-icon icon medizin-solid-icon\">\n\t\t\t\t\t<i aria-hidden=\"true\" class=\"far fa-globe-asia\"><\/i>\t\t\t\t<\/div>\n\t\t\t<\/div>\n\t\t<\/div>\n\t\t\n\t\t\t<div class=\"icon-box-content\">\n\t\t\t\t\t\t<div class=\"heading-wrap\">\n\t\t\t<h3 class=\"heading\">Weewell Kanada<\/h3>\n\t\t\t\t\t<\/div>\n\t\t\n\t\t\t\t\t\t<div class=\"description-wrap\">\n\t\t\t<div class=\"description\">\n\t\t\t\tMe-Co Enterprises of Tennessee, LLC\n2921 Tanoak Cove, Germantown, TN 38138 USA\n<br>\ncanada@weewell.com\n<br>\nCanada\t\t\t<\/div>\n\t\t<\/div>\n\t\t\n\t\t\t\t\t\t\t<\/div>\n\t\t<\/div>\n\n\t\t<\/div>\t\t\t\t\t\t<\/div>\n\t\t\t\t<\/div>\n\t\t\t\t\t<\/div>\n\t\t<\/div>\n\t\t\t\t<div class=\"elementor-column elementor-col-25 elementor-inner-column elementor-element elementor-element-bef6320\" data-id=\"bef6320\" data-element_type=\"column\" data-e-type=\"column\">\n\t\t\t<div class=\"elementor-widget-wrap elementor-element-populated\">\n\t\t\t\t\t\t<div class=\"elementor-element elementor-element-9caa72a medizin-icon-box-style-01 medizin-view-default elementor-position-top elementor-invisible elementor-widget elementor-widget-tm-icon-box\" data-id=\"9caa72a\" data-element_type=\"widget\" data-e-type=\"widget\" data-settings=\"{&quot;_animation&quot;:&quot;tmFadeInUp&quot;}\" data-widget_type=\"tm-icon-box.default\">\n\t\t\t\t<div class=\"elementor-widget-container\">\n\t\t\t\t\t\t\t<div class=\"tm-icon-box medizin-box\">\n\t\t<div class=\"icon-box-wrapper\">\n\t\t\t\t\t<div class=\"medizin-icon-wrap\">\n\t\t\t<div class=\"medizin-icon-view\">\n\t\t\t\t<div class=\"medizin-icon icon medizin-solid-icon\">\n\t\t\t\t\t<i aria-hidden=\"true\" class=\"far fa-globe-asia\"><\/i>\t\t\t\t<\/div>\n\t\t\t<\/div>\n\t\t<\/div>\n\t\t\n\t\t\t<div class=\"icon-box-content\">\n\t\t\t\t\t\t<div class=\"heading-wrap\">\n\t\t\t<h3 class=\"heading\">Weewell Kore<\/h3>\n\t\t\t\t\t<\/div>\n\t\t\n\t\t\t\t\t\t<div class=\"description-wrap\">\n\t\t\t<div class=\"description\">\n\t\t\t\tHanEarl Science Ltd. 816,\nBizcenter, SKn Technopark 124,\nSakimakgol-Ro. Jungwon-Gu Sungnam City,\nKyungKi-Do, Korea\n<br>\nkorea@weewell.com\n<br>\nSouth Korea\t\t\t<\/div>\n\t\t<\/div>\n\t\t\n\t\t\t\t\t\t\t<\/div>\n\t\t<\/div>\n\n\t\t<\/div>\t\t\t\t\t\t<\/div>\n\t\t\t\t<\/div>\n\t\t\t\t\t<\/div>\n\t\t<\/div>\n\t\t\t\t<div class=\"elementor-column elementor-col-25 elementor-inner-column elementor-element elementor-element-9335b76\" data-id=\"9335b76\" data-element_type=\"column\" data-e-type=\"column\">\n\t\t\t<div class=\"elementor-widget-wrap elementor-element-populated\">\n\t\t\t\t\t\t<div class=\"elementor-element elementor-element-8652daa medizin-icon-box-style-01 medizin-view-default elementor-position-top elementor-invisible elementor-widget elementor-widget-tm-icon-box\" data-id=\"8652daa\" data-element_type=\"widget\" data-e-type=\"widget\" data-settings=\"{&quot;_animation&quot;:&quot;tmFadeInUp&quot;}\" data-widget_type=\"tm-icon-box.default\">\n\t\t\t\t<div class=\"elementor-widget-container\">\n\t\t\t\t\t\t\t<div class=\"tm-icon-box medizin-box\">\n\t\t<div class=\"icon-box-wrapper\">\n\t\t\t\t\t<div class=\"medizin-icon-wrap\">\n\t\t\t<div class=\"medizin-icon-view\">\n\t\t\t\t<div class=\"medizin-icon icon medizin-solid-icon\">\n\t\t\t\t\t<i aria-hidden=\"true\" class=\"far fa-globe-asia\"><\/i>\t\t\t\t<\/div>\n\t\t\t<\/div>\n\t\t<\/div>\n\t\t\n\t\t\t<div class=\"icon-box-content\">\n\t\t\t\t\t\t<div class=\"heading-wrap\">\n\t\t\t<h3 class=\"heading\">Weewell Kuzey K\u0131br\u0131s<\/h3>\n\t\t\t\t\t<\/div>\n\t\t\n\t\t\t\t\t\t<div class=\"description-wrap\">\n\t\t\t<div class=\"description\">\n\t\t\t\tUlusal Elektronik Tek. San. Ve Tic. A.\u015e. \u0130stanbul D\u00fcnya Ticaret Merkezi A2 Blok K:6 No:231 Ye\u015filk\u00f6y-\u0130stanbul T\u00fcrkiye\n<br>\nnorthcyprus@weewell.com\n<br>\nNorth Cyprus\t\t\t<\/div>\n\t\t<\/div>\n\t\t\n\t\t\t\t\t\t\t<\/div>\n\t\t<\/div>\n\n\t\t<\/div>\t\t\t\t\t\t<\/div>\n\t\t\t\t<\/div>\n\t\t\t\t\t<\/div>\n\t\t<\/div>\n\t\t\t\t<div class=\"elementor-column elementor-col-25 elementor-inner-column elementor-element elementor-element-7fe46e8\" data-id=\"7fe46e8\" data-element_type=\"column\" data-e-type=\"column\">\n\t\t\t<div class=\"elementor-widget-wrap\">\n\t\t\t\t\t\t\t<\/div>\n\t\t<\/div>\n\t\t\t\t\t<\/div>\n\t\t<\/section>\n\t\t\t\t\t<\/div>\n\t\t<\/div>\n\t\t\t\t\t<\/div>\n\t\t<\/section>\n\t\t\t\t<\/div>\n\t\t","protected":false},"excerpt":{"rendered":"<p>Weewell Belgium Salencey International Les Perrots 71220 Saint-Martin-de-Salencey France belgium@weewell.com Belgium Weewell France Salencey International Les Perrots 71220 Saint-Martin-de-Salencey France france@weewell.com France Weewell Holland Salencey International Les Perrots 71220 Saint-Martin-de-Salencey France holland@weewell.com Holland Weewell Switzerland Salencey International Les Perrots 71220 Saint-Martin-de-Salencey France switzerland@weewell.com Switzerland Weewell Romania Dot Com Investment SRL, B-dul Unirii nr 65 bl G1 tr 5 Ground Floor, Bucharest, ROMANIA romania@weewell.com Romania Weewell Turkey Ulusal Elektronik Tek. San. Ve Tic. A.\u015e. \u0130stanbul D\u00fcnya Ticaret Merkezi A3 Blok K:13 No:403-404 Ye\u015filk\u00f6y-\u0130stanbul T\u00fcrkiye turkey@weewell.com Turkey Weewell USA Weewell ABD Me-Co Enterprises of Tennessee, LLC 2921 Tanoak Cove, Germantown, TN 38138 USA us@weewell.com USA Weewell Brazil Me-Co Enterprises of Tennessee, LLC 2921 Tanoak Cove, Germantown, TN 38138 USA brazil@weewell.com Brazil Weewell Kanada Me-Co Enterprises of Tennessee, LLC 2921 Tanoak Cove, Germantown, TN 38138 USA canada@weewell.com Canada Weewell Kore HanEarl Science Ltd. 816, Bizcenter, SKn Technopark 124, Sakimakgol-Ro. Jungwon-Gu Sungnam City, KyungKi-Do, Korea korea@weewell.com South Korea Weewell Kuzey K\u0131br\u0131s Ulusal Elektronik Tek. San. Ve Tic. A.\u015e. \u0130stanbul D\u00fcnya Ticaret Merkezi A2 Blok K:6 No:231 Ye\u015filk\u00f6y-\u0130stanbul T\u00fcrkiye northcyprus@weewell.com North Cyprus<\/p>\n","protected":false},"author":7,"featured_media":0,"parent":0,"menu_order":0,"comment_status":"closed","ping_status":"closed","template":"","meta":{"footnotes":""},"class_list":["post-9355","page","type-page","status-publish","hentry","post-no-thumbnail"],"_links":{"self":[{"href":"https:\/\/weewell.com\/en\/wp-json\/wp\/v2\/pages\/9355","targetHints":{"allow":["GET"]}}],"collection":[{"href":"https:\/\/weewell.com\/en\/wp-json\/wp\/v2\/pages"}],"about":[{"href":"https:\/\/weewell.com\/en\/wp-json\/wp\/v2\/types\/page"}],"author":[{"embeddable":true,"href":"https:\/\/weewell.com\/en\/wp-json\/wp\/v2\/users\/7"}],"replies":[{"embeddable":true,"href":"https:\/\/weewell.com\/en\/wp-json\/wp\/v2\/comments?post=9355"}],"version-history":[{"count":4,"href":"https:\/\/weewell.com\/en\/wp-json\/wp\/v2\/pages\/9355\/revisions"}],"predecessor-version":[{"id":9359,"href":"https:\/\/weewell.com\/en\/wp-json\/wp\/v2\/pages\/9355\/revisions\/9359"}],"wp:attachment":[{"href":"https:\/\/weewell.com\/en\/wp-json\/wp\/v2\/media?parent=9355"}],"curies":[{"name":"wp","href":"https:\/\/api.w.org\/{rel}","templated":true}]}}