{"id":11686,"date":"2024-01-08T14:33:09","date_gmt":"2024-01-08T14:33:09","guid":{"rendered":"https:\/\/weewell.com\/?post_type=product&#038;p=11686"},"modified":"2024-01-08T14:33:10","modified_gmt":"2024-01-08T14:33:10","slug":"wtb110-banyo-termometresi-yesil","status":"publish","type":"product","link":"https:\/\/weewell.com\/en\/urun\/wtb110-banyo-termometresi-yesil\/","title":{"rendered":"WTB110 &#8211; Banyo Termometresi Ye\u015fil"},"content":{"rendered":"<p><strong>Weewell WTB110 Banyo Termometresi<\/strong><\/p>\n<p>&nbsp;<\/p>\n<p>Bebe\u011finizin banyo yaparken hem g\u00fcvenli hem de e\u011flenceli bir ortamda olmas\u0131n\u0131 istiyorsan\u0131z, Weewell WTB110 Banyo Termometresi tam size g\u00f6re.<\/p>\n<p>&nbsp;<\/p>\n<p><strong>\u0130deal banyo s\u0131cakl\u0131\u011f\u0131 i\u00e7in i\u015faretler:<\/strong> Weewell WTB110 Banyo Termometresi, suyun s\u0131cakl\u0131\u011f\u0131n\u0131 kolayca \u00f6l\u00e7menizi ve ayarlaman\u0131z\u0131 sa\u011flayan i\u015faretler yer almaktad\u0131r. B\u00f6ylece bebe\u011finizin cildine zarar verebilecek \u00e7ok s\u0131cak veya \u00e7ok so\u011fuk suyla kar\u015f\u0131la\u015fmazs\u0131n\u0131z.<\/p>\n<p>&nbsp;<\/p>\n<p><strong>Civa \u0130\u00e7ermez:<\/strong> Weewell WTB110 Banyo Termometresi, bebe\u011finizin sa\u011fl\u0131\u011f\u0131 i\u00e7in c\u0131va kullan\u0131lmadan \u00fcretilmi\u015ftir. C\u0131va, insan v\u00fccuduna zararl\u0131 bir madde olup, \u00f6zellikle bebeklerde ciddi sa\u011fl\u0131k sorunlar\u0131na yol a\u00e7abilir.<\/p>\n<p>&nbsp;<\/p>\n<p><strong>Sevimli y\u00fczen tasar\u0131m:<\/strong> Weewell WTB110 Banyo Termometresi, sadece bir termometre de\u011fil, ayn\u0131 zamanda bebe\u011finizin banyo arkada\u015f\u0131d\u0131r. Sevimli y\u00fczen tasar\u0131m\u0131 ile bebe\u011finizin ilgisini \u00e7eker ve banyo saatlerini e\u011flenceli hale getirir. Bebe\u011finiz, bu \u00fcr\u00fcnle oynarken hem suyun s\u0131cakl\u0131\u011f\u0131na al\u0131\u015f\u0131r hem de keyifli vakit ge\u00e7irir.<\/p>\n<p>&nbsp;<\/p>\n<p><strong>BPA \u0130\u00e7ermez:<\/strong> Weewell WTB110 Banyo Termometresi BPA i\u00e7ermez. BPA, baz\u0131 plastik malzemelerde bulunan ve hormon dengesini bozabilen bir kimyasald\u0131r. Weewell WTB110 Banyo Termometresi, BPA i\u00e7ermeyen bir plastikten yap\u0131lm\u0131\u015ft\u0131r.<\/p>\n<p><img loading=\"lazy\" decoding=\"async\" class=\"alignnone size-full wp-image-11687\" src=\"https:\/\/weewell.com\/wp-content\/uploads\/2024\/01\/WTB110.jpg\" alt=\"\" width=\"1170\" height=\"1448\" srcset=\"https:\/\/weewell.com\/wp-content\/uploads\/2024\/01\/WTB110.jpg 1170w, https:\/\/weewell.com\/wp-content\/uploads\/2024\/01\/WTB110-242x300.jpg 242w, https:\/\/weewell.com\/wp-content\/uploads\/2024\/01\/WTB110-827x1024.jpg 827w, https:\/\/weewell.com\/wp-content\/uploads\/2024\/01\/WTB110-768x950.jpg 768w, https:\/\/weewell.com\/wp-content\/uploads\/2024\/01\/WTB110-600x743.jpg 600w\" sizes=\"auto, (max-width: 1170px) 100vw, 1170px\" \/><\/p>\n","protected":false},"excerpt":{"rendered":"<p>Weewell WTB110 Banyo Termometresi &nbsp; Bebe\u011finizin banyo yaparken hem g\u00fcvenli hem de e\u011flenceli bir ortamda olmas\u0131n\u0131 istiyorsan\u0131z, Weewell WTB110 Banyo Termometresi tam size g\u00f6re. &nbsp; \u0130deal banyo s\u0131cakl\u0131\u011f\u0131 i\u00e7in i\u015faretler: Weewell WTB110 Banyo Termometresi, suyun s\u0131cakl\u0131\u011f\u0131n\u0131 kolayca \u00f6l\u00e7menizi ve ayarlaman\u0131z\u0131 sa\u011flayan i\u015faretler yer almaktad\u0131r. B\u00f6ylece bebe\u011finizin cildine zarar verebilecek \u00e7ok s\u0131cak veya \u00e7ok so\u011fuk suyla kar\u015f\u0131la\u015fmazs\u0131n\u0131z. &nbsp; Civa \u0130\u00e7ermez: Weewell WTB110 Banyo Termometresi, bebe\u011finizin sa\u011fl\u0131\u011f\u0131 i\u00e7in c\u0131va kullan\u0131lmadan \u00fcretilmi\u015ftir. C\u0131va, insan v\u00fccuduna zararl\u0131 bir madde olup, \u00f6zellikle bebeklerde ciddi sa\u011fl\u0131k sorunlar\u0131na yol a\u00e7abilir. &nbsp; Sevimli y\u00fczen tasar\u0131m: Weewell WTB110 Banyo Termometresi, sadece bir termometre de\u011fil, ayn\u0131 zamanda bebe\u011finizin banyo arkada\u015f\u0131d\u0131r. Sevimli y\u00fczen tasar\u0131m\u0131 ile bebe\u011finizin ilgisini \u00e7eker ve banyo saatlerini e\u011flenceli hale getirir. Bebe\u011finiz, bu \u00fcr\u00fcnle oynarken hem suyun s\u0131cakl\u0131\u011f\u0131na al\u0131\u015f\u0131r hem de keyifli vakit ge\u00e7irir. &nbsp; BPA \u0130\u00e7ermez: Weewell WTB110 Banyo Termometresi BPA i\u00e7ermez. BPA, baz\u0131 plastik malzemelerde bulunan ve hormon dengesini bozabilen bir kimyasald\u0131r. Weewell WTB110 Banyo Termometresi, BPA i\u00e7ermeyen bir plastikten yap\u0131lm\u0131\u015ft\u0131r.<\/p>\n","protected":false},"featured_media":0,"comment_status":"closed","ping_status":"closed","template":"","meta":{"inline_featured_image":false},"product_cat":[177],"product_tag":[],"class_list":["post-11686","product","type-product","status-publish","hentry","product_cat-gelisim-urunleri-ve-aksesuarlari","post-no-thumbnail"],"yoast_head":"<!-- This site is optimized with the Yoast SEO plugin v21.0 - https:\/\/yoast.com\/wordpress\/plugins\/seo\/ -->\n<title>WTB110 - Banyo Termometresi Ye\u015fil - Weewell<\/title>\n<meta name=\"robots\" content=\"index, follow, max-snippet:-1, max-image-preview:large, max-video-preview:-1\" \/>\n<link rel=\"canonical\" href=\"https:\/\/weewell.com\/urun\/wtb110-banyo-termometresi-yesil\/\" \/>\n<meta property=\"og:locale\" content=\"en_US\" \/>\n<meta property=\"og:type\" content=\"article\" \/>\n<meta property=\"og:title\" content=\"WTB110 - Banyo Termometresi Ye\u015fil - Weewell\" \/>\n<meta property=\"og:description\" content=\"Weewell WTB110 Banyo Termometresi &nbsp; Bebe\u011finizin banyo yaparken hem g\u00fcvenli hem de e\u011flenceli bir ortamda olmas\u0131n\u0131 istiyorsan\u0131z, Weewell WTB110 Banyo Termometresi tam size g\u00f6re. &nbsp; \u0130deal banyo s\u0131cakl\u0131\u011f\u0131 i\u00e7in i\u015faretler: Weewell WTB110 Banyo Termometresi, suyun s\u0131cakl\u0131\u011f\u0131n\u0131 kolayca \u00f6l\u00e7menizi ve ayarlaman\u0131z\u0131 sa\u011flayan i\u015faretler yer almaktad\u0131r. B\u00f6ylece bebe\u011finizin cildine zarar verebilecek \u00e7ok s\u0131cak veya \u00e7ok so\u011fuk suyla kar\u015f\u0131la\u015fmazs\u0131n\u0131z. &nbsp; Civa \u0130\u00e7ermez: Weewell WTB110 Banyo Termometresi, bebe\u011finizin sa\u011fl\u0131\u011f\u0131 i\u00e7in c\u0131va kullan\u0131lmadan \u00fcretilmi\u015ftir. C\u0131va, insan v\u00fccuduna zararl\u0131 bir madde olup, \u00f6zellikle bebeklerde ciddi sa\u011fl\u0131k sorunlar\u0131na yol a\u00e7abilir. &nbsp; Sevimli y\u00fczen tasar\u0131m: Weewell WTB110 Banyo Termometresi, sadece bir termometre de\u011fil, ayn\u0131 zamanda bebe\u011finizin banyo arkada\u015f\u0131d\u0131r. Sevimli y\u00fczen tasar\u0131m\u0131 ile bebe\u011finizin ilgisini \u00e7eker ve banyo saatlerini e\u011flenceli hale getirir. Bebe\u011finiz, bu \u00fcr\u00fcnle oynarken hem suyun s\u0131cakl\u0131\u011f\u0131na al\u0131\u015f\u0131r hem de keyifli vakit ge\u00e7irir. &nbsp; BPA \u0130\u00e7ermez: Weewell WTB110 Banyo Termometresi BPA i\u00e7ermez. BPA, baz\u0131 plastik malzemelerde bulunan ve hormon dengesini bozabilen bir kimyasald\u0131r. Weewell WTB110 Banyo Termometresi, BPA i\u00e7ermeyen bir plastikten yap\u0131lm\u0131\u015ft\u0131r.\" \/>\n<meta property=\"og:url\" content=\"https:\/\/weewell.com\/urun\/wtb110-banyo-termometresi-yesil\/\" \/>\n<meta property=\"og:site_name\" content=\"Weewell\" \/>\n<meta property=\"article:publisher\" content=\"https:\/\/www.facebook.com\/weewellcareforyou\" \/>\n<meta property=\"article:modified_time\" content=\"2024-01-08T14:33:10+00:00\" \/>\n<meta property=\"og:image\" content=\"https:\/\/weewell.com\/wp-content\/uploads\/2024\/01\/WTB110.jpg\" \/>\n<meta name=\"twitter:card\" content=\"summary_large_image\" \/>\n<meta name=\"twitter:label1\" content=\"Est. reading time\" \/>\n\t<meta name=\"twitter:data1\" content=\"2 minutes\" \/>\n<script type=\"application\/ld+json\" class=\"yoast-schema-graph\">{\"@context\":\"https:\/\/schema.org\",\"@graph\":[{\"@type\":\"WebPage\",\"@id\":\"https:\/\/weewell.com\/urun\/wtb110-banyo-termometresi-yesil\/\",\"url\":\"https:\/\/weewell.com\/urun\/wtb110-banyo-termometresi-yesil\/\",\"name\":\"WTB110 - Banyo Termometresi Ye\u015fil - Weewell\",\"isPartOf\":{\"@id\":\"https:\/\/weewell.com\/#website\"},\"datePublished\":\"2024-01-08T14:33:09+00:00\",\"dateModified\":\"2024-01-08T14:33:10+00:00\",\"breadcrumb\":{\"@id\":\"https:\/\/weewell.com\/urun\/wtb110-banyo-termometresi-yesil\/#breadcrumb\"},\"inLanguage\":\"en-US\",\"potentialAction\":[{\"@type\":\"ReadAction\",\"target\":[\"https:\/\/weewell.com\/urun\/wtb110-banyo-termometresi-yesil\/\"]}]},{\"@type\":\"BreadcrumbList\",\"@id\":\"https:\/\/weewell.com\/urun\/wtb110-banyo-termometresi-yesil\/#breadcrumb\",\"itemListElement\":[{\"@type\":\"ListItem\",\"position\":1,\"name\":\"Weewell\",\"item\":\"https:\/\/weewell.com\/en\/\"},{\"@type\":\"ListItem\",\"position\":2,\"name\":\"My Account\",\"item\":\"https:\/\/weewell.com\/en\/products\/\"},{\"@type\":\"ListItem\",\"position\":3,\"name\":\"WTB110 &#8211; Banyo Termometresi Ye\u015fil\"}]},{\"@type\":\"WebSite\",\"@id\":\"https:\/\/weewell.com\/#website\",\"url\":\"https:\/\/weewell.com\/\",\"name\":\"Weewell\",\"description\":\"Care For You!\",\"publisher\":{\"@id\":\"https:\/\/weewell.com\/#organization\"},\"potentialAction\":[{\"@type\":\"SearchAction\",\"target\":{\"@type\":\"EntryPoint\",\"urlTemplate\":\"https:\/\/weewell.com\/?s={search_term_string}\"},\"query-input\":\"required name=search_term_string\"}],\"inLanguage\":\"en-US\"},{\"@type\":\"Organization\",\"@id\":\"https:\/\/weewell.com\/#organization\",\"name\":\"Weewell\",\"url\":\"https:\/\/weewell.com\/\",\"logo\":{\"@type\":\"ImageObject\",\"inLanguage\":\"en-US\",\"@id\":\"https:\/\/weewell.com\/#\/schema\/logo\/image\/\",\"url\":\"https:\/\/weewell.com\/wp-content\/uploads\/2021\/11\/logo.png\",\"contentUrl\":\"https:\/\/weewell.com\/wp-content\/uploads\/2021\/11\/logo.png\",\"width\":380,\"height\":125,\"caption\":\"Weewell\"},\"image\":{\"@id\":\"https:\/\/weewell.com\/#\/schema\/logo\/image\/\"},\"sameAs\":[\"https:\/\/www.facebook.com\/weewellcareforyou\"]}]}<\/script>\n<!-- \/ Yoast SEO plugin. -->","yoast_head_json":{"title":"WTB110 - Banyo Termometresi Ye\u015fil - Weewell","robots":{"index":"index","follow":"follow","max-snippet":"max-snippet:-1","max-image-preview":"max-image-preview:large","max-video-preview":"max-video-preview:-1"},"canonical":"https:\/\/weewell.com\/urun\/wtb110-banyo-termometresi-yesil\/","og_locale":"en_US","og_type":"article","og_title":"WTB110 - Banyo Termometresi Ye\u015fil - Weewell","og_description":"Weewell WTB110 Banyo Termometresi &nbsp; Bebe\u011finizin banyo yaparken hem g\u00fcvenli hem de e\u011flenceli bir ortamda olmas\u0131n\u0131 istiyorsan\u0131z, Weewell WTB110 Banyo Termometresi tam size g\u00f6re. &nbsp; \u0130deal banyo s\u0131cakl\u0131\u011f\u0131 i\u00e7in i\u015faretler: Weewell WTB110 Banyo Termometresi, suyun s\u0131cakl\u0131\u011f\u0131n\u0131 kolayca \u00f6l\u00e7menizi ve ayarlaman\u0131z\u0131 sa\u011flayan i\u015faretler yer almaktad\u0131r. B\u00f6ylece bebe\u011finizin cildine zarar verebilecek \u00e7ok s\u0131cak veya \u00e7ok so\u011fuk suyla kar\u015f\u0131la\u015fmazs\u0131n\u0131z. &nbsp; Civa \u0130\u00e7ermez: Weewell WTB110 Banyo Termometresi, bebe\u011finizin sa\u011fl\u0131\u011f\u0131 i\u00e7in c\u0131va kullan\u0131lmadan \u00fcretilmi\u015ftir. C\u0131va, insan v\u00fccuduna zararl\u0131 bir madde olup, \u00f6zellikle bebeklerde ciddi sa\u011fl\u0131k sorunlar\u0131na yol a\u00e7abilir. &nbsp; Sevimli y\u00fczen tasar\u0131m: Weewell WTB110 Banyo Termometresi, sadece bir termometre de\u011fil, ayn\u0131 zamanda bebe\u011finizin banyo arkada\u015f\u0131d\u0131r. Sevimli y\u00fczen tasar\u0131m\u0131 ile bebe\u011finizin ilgisini \u00e7eker ve banyo saatlerini e\u011flenceli hale getirir. Bebe\u011finiz, bu \u00fcr\u00fcnle oynarken hem suyun s\u0131cakl\u0131\u011f\u0131na al\u0131\u015f\u0131r hem de keyifli vakit ge\u00e7irir. &nbsp; BPA \u0130\u00e7ermez: Weewell WTB110 Banyo Termometresi BPA i\u00e7ermez. BPA, baz\u0131 plastik malzemelerde bulunan ve hormon dengesini bozabilen bir kimyasald\u0131r. Weewell WTB110 Banyo Termometresi, BPA i\u00e7ermeyen bir plastikten yap\u0131lm\u0131\u015ft\u0131r.","og_url":"https:\/\/weewell.com\/urun\/wtb110-banyo-termometresi-yesil\/","og_site_name":"Weewell","article_publisher":"https:\/\/www.facebook.com\/weewellcareforyou","article_modified_time":"2024-01-08T14:33:10+00:00","og_image":[{"url":"https:\/\/weewell.com\/wp-content\/uploads\/2024\/01\/WTB110.jpg"}],"twitter_card":"summary_large_image","twitter_misc":{"Est. reading time":"2 minutes"},"schema":{"@context":"https:\/\/schema.org","@graph":[{"@type":"WebPage","@id":"https:\/\/weewell.com\/urun\/wtb110-banyo-termometresi-yesil\/","url":"https:\/\/weewell.com\/urun\/wtb110-banyo-termometresi-yesil\/","name":"WTB110 - Banyo Termometresi Ye\u015fil - Weewell","isPartOf":{"@id":"https:\/\/weewell.com\/#website"},"datePublished":"2024-01-08T14:33:09+00:00","dateModified":"2024-01-08T14:33:10+00:00","breadcrumb":{"@id":"https:\/\/weewell.com\/urun\/wtb110-banyo-termometresi-yesil\/#breadcrumb"},"inLanguage":"en-US","potentialAction":[{"@type":"ReadAction","target":["https:\/\/weewell.com\/urun\/wtb110-banyo-termometresi-yesil\/"]}]},{"@type":"BreadcrumbList","@id":"https:\/\/weewell.com\/urun\/wtb110-banyo-termometresi-yesil\/#breadcrumb","itemListElement":[{"@type":"ListItem","position":1,"name":"Weewell","item":"https:\/\/weewell.com\/en\/"},{"@type":"ListItem","position":2,"name":"My Account","item":"https:\/\/weewell.com\/en\/products\/"},{"@type":"ListItem","position":3,"name":"WTB110 &#8211; Banyo Termometresi Ye\u015fil"}]},{"@type":"WebSite","@id":"https:\/\/weewell.com\/#website","url":"https:\/\/weewell.com\/","name":"Weewell","description":"Care For You!","publisher":{"@id":"https:\/\/weewell.com\/#organization"},"potentialAction":[{"@type":"SearchAction","target":{"@type":"EntryPoint","urlTemplate":"https:\/\/weewell.com\/?s={search_term_string}"},"query-input":"required name=search_term_string"}],"inLanguage":"en-US"},{"@type":"Organization","@id":"https:\/\/weewell.com\/#organization","name":"Weewell","url":"https:\/\/weewell.com\/","logo":{"@type":"ImageObject","inLanguage":"en-US","@id":"https:\/\/weewell.com\/#\/schema\/logo\/image\/","url":"https:\/\/weewell.com\/wp-content\/uploads\/2021\/11\/logo.png","contentUrl":"https:\/\/weewell.com\/wp-content\/uploads\/2021\/11\/logo.png","width":380,"height":125,"caption":"Weewell"},"image":{"@id":"https:\/\/weewell.com\/#\/schema\/logo\/image\/"},"sameAs":["https:\/\/www.facebook.com\/weewellcareforyou"]}]}},"_links":{"self":[{"href":"https:\/\/weewell.com\/en\/wp-json\/wp\/v2\/product\/11686","targetHints":{"allow":["GET"]}}],"collection":[{"href":"https:\/\/weewell.com\/en\/wp-json\/wp\/v2\/product"}],"about":[{"href":"https:\/\/weewell.com\/en\/wp-json\/wp\/v2\/types\/product"}],"replies":[{"embeddable":true,"href":"https:\/\/weewell.com\/en\/wp-json\/wp\/v2\/comments?post=11686"}],"wp:attachment":[{"href":"https:\/\/weewell.com\/en\/wp-json\/wp\/v2\/media?parent=11686"}],"wp:term":[{"taxonomy":"product_cat","embeddable":true,"href":"https:\/\/weewell.com\/en\/wp-json\/wp\/v2\/product_cat?post=11686"},{"taxonomy":"product_tag","embeddable":true,"href":"https:\/\/weewell.com\/en\/wp-json\/wp\/v2\/product_tag?post=11686"}],"curies":[{"name":"wp","href":"https:\/\/api.w.org\/{rel}","templated":true}]}}